{"id":1621,"date":"2025-12-16T14:53:36","date_gmt":"2025-12-16T13:53:36","guid":{"rendered":"https:\/\/outsidemindgames.com\/?page_id=1621"},"modified":"2025-12-26T12:36:46","modified_gmt":"2025-12-26T11:36:46","slug":"boardgamesfortraining","status":"publish","type":"page","link":"https:\/\/outsidemindgames.com\/en\/boardgamesfortraining\/","title":{"rendered":"Board Games for Training"},"content":{"rendered":"<div data-elementor-type=\"wp-page\" data-elementor-id=\"1621\" class=\"elementor elementor-1621\">\n\t\t\t\t<div class=\"elementor-element elementor-element-213dcc2 e-flex e-con-boxed e-con e-parent\" data-id=\"213dcc2\" data-element_type=\"container\" data-e-type=\"container\">\n\t\t\t\t\t<div class=\"e-con-inner\">\n\t\t\t\t<div class=\"elementor-element elementor-element-e3ac49e elementor-widget elementor-widget-spacer\" data-id=\"e3ac49e\" data-element_type=\"widget\" data-e-type=\"widget\" data-widget_type=\"spacer.default\">\n\t\t\t\t\t\t\t<div class=\"elementor-spacer\">\n\t\t\t<div class=\"elementor-spacer-inner\"><\/div>\n\t\t<\/div>\n\t\t\t\t\t\t<\/div>\n\t\t\t\t\t<\/div>\n\t\t\t\t<\/div>\n\t\t<div class=\"elementor-element elementor-element-ea76e44 e-flex e-con-boxed e-con e-parent\" data-id=\"ea76e44\" data-element_type=\"container\" data-e-type=\"container\">\n\t\t\t\t\t<div class=\"e-con-inner\">\n\t\t\t\t<div class=\"elementor-element elementor-element-8a39b9c elementor-widget elementor-widget-heading\" data-id=\"8a39b9c\" data-element_type=\"widget\" data-e-type=\"widget\" data-widget_type=\"heading.default\">\n\t\t\t\t\t<h2 class=\"elementor-heading-title elementor-size-default\">Board Games for Training<\/h2>\t\t\t\t<\/div>\n\t\t\t\t\t<\/div>\n\t\t\t\t<\/div>\n\t\t<div class=\"elementor-element elementor-element-e2bc16a e-flex e-con-boxed e-con e-parent\" data-id=\"e2bc16a\" data-element_type=\"container\" data-e-type=\"container\">\n\t\t\t\t\t<div class=\"e-con-inner\">\n\t\t\t\t<div class=\"elementor-element elementor-element-c3d8bce elementor-widget elementor-widget-text-editor\" data-id=\"c3d8bce\" data-element_type=\"widget\" data-e-type=\"widget\" data-widget_type=\"text-editor.default\">\n\t\t\t\t\t\t\t\t\t<h4 class=\"font_3 wixui-rich-text__text\"><span class=\"wixui-rich-text__text\">Board games in the service of business development<\/span><\/h4><p><em>We provide services to organizations that invest in the success of their people.<\/em><\/p><p>We offer innovative corporate services, combining extensive experience in consultancy, skills development, and management with the power of modern board games. These are dynamic and effective tools for stimulating cognitive, social, and cultural skills.<\/p>\t\t\t\t\t\t\t\t<\/div>\n\t\t\t\t\t<\/div>\n\t\t\t\t<\/div>\n\t\t<div class=\"elementor-element elementor-element-4f37c49 e-flex e-con-boxed e-con e-parent\" data-id=\"4f37c49\" data-element_type=\"container\" data-e-type=\"container\">\n\t\t\t\t\t<div class=\"e-con-inner\">\n\t\t\t\t<div class=\"elementor-element elementor-element-078f80d elementor-widget-divider--view-line elementor-widget elementor-widget-divider\" data-id=\"078f80d\" data-element_type=\"widget\" data-e-type=\"widget\" data-widget_type=\"divider.default\">\n\t\t\t\t\t\t\t<div class=\"elementor-divider\">\n\t\t\t<span class=\"elementor-divider-separator\">\n\t\t\t\t\t\t<\/span>\n\t\t<\/div>\n\t\t\t\t\t\t<\/div>\n\t\t\t\t\t<\/div>\n\t\t\t\t<\/div>\n\t\t<div class=\"elementor-element elementor-element-23e9e85 e-flex e-con-boxed e-con e-parent\" data-id=\"23e9e85\" data-element_type=\"container\" data-e-type=\"container\">\n\t\t\t\t\t<div class=\"e-con-inner\">\n\t\t\t\t<div class=\"elementor-element elementor-element-24a3a3d elementor-widget elementor-widget-text-editor\" data-id=\"24a3a3d\" data-element_type=\"widget\" data-e-type=\"widget\" data-widget_type=\"text-editor.default\">\n\t\t\t\t\t\t\t\t\t<h4>Corporate Events<\/h4>\t\t\t\t\t\t\t\t<\/div>\n\t\t\t\t\t<\/div>\n\t\t\t\t<\/div>\n\t\t<div class=\"elementor-element elementor-element-2616e07 e-flex e-con-boxed e-con e-parent\" data-id=\"2616e07\" data-element_type=\"container\" data-e-type=\"container\">\n\t\t\t\t\t<div class=\"e-con-inner\">\n\t\t<div class=\"elementor-element elementor-element-891c7c2 e-grid e-con-full e-con e-child\" data-id=\"891c7c2\" data-element_type=\"container\" data-e-type=\"container\">\n\t\t\t\t<div class=\"elementor-element elementor-element-33d2dd0 elementor-widget elementor-widget-image\" data-id=\"33d2dd0\" data-element_type=\"widget\" data-e-type=\"widget\" data-widget_type=\"image.default\">\n\t\t\t\t\t\t\t\t\t\t\t\t\t\t\t<img fetchpriority=\"high\" decoding=\"async\" width=\"768\" height=\"346\" src=\"https:\/\/outsidemindgames.com\/wp-content\/uploads\/2025\/12\/20231117_163100-768x346.jpg\" class=\"attachment-medium_large size-medium_large wp-image-1634\" alt=\"\" srcset=\"https:\/\/outsidemindgames.com\/wp-content\/uploads\/2025\/12\/20231117_163100-768x346.jpg 768w, https:\/\/outsidemindgames.com\/wp-content\/uploads\/2025\/12\/20231117_163100-300x135.jpg 300w, https:\/\/outsidemindgames.com\/wp-content\/uploads\/2025\/12\/20231117_163100-1024x462.jpg 1024w, https:\/\/outsidemindgames.com\/wp-content\/uploads\/2025\/12\/20231117_163100-1536x692.jpg 1536w, https:\/\/outsidemindgames.com\/wp-content\/uploads\/2025\/12\/20231117_163100-2048x923.jpg 2048w, https:\/\/outsidemindgames.com\/wp-content\/uploads\/2025\/12\/20231117_163100-18x8.jpg 18w\" sizes=\"(max-width: 768px) 100vw, 768px\" \/>\t\t\t\t\t\t\t\t\t\t\t\t\t\t\t<\/div>\n\t\t\t\t<div class=\"elementor-element elementor-element-f5a5a6c elementor-widget elementor-widget-text-editor\" data-id=\"f5a5a6c\" data-element_type=\"widget\" data-e-type=\"widget\" data-widget_type=\"text-editor.default\">\n\t\t\t\t\t\t\t\t\t<p class=\"font_8 wixui-rich-text__text translation-block\">We organize team-building, entertainment, and networking events, using modern board games as the central tool. These events are tailored to groups of different sizes, promoting cooperation and\/or healthy competition among participants.<\/p><p class=\"font_8 wixui-rich-text__text\">We carefully select the games according to the event\u2019s objectives, the participants\u2019 profile, and the available space.<\/p><p class=\"font_8 wixui-rich-text__text translation-block\">Innovate your team-building activities! Contact us and discover how board games can transform your next event.<\/p>\t\t\t\t\t\t\t\t<\/div>\n\t\t\t\t<\/div>\n\t\t\t\t\t<\/div>\n\t\t\t\t<\/div>\n\t\t<div class=\"elementor-element elementor-element-23c1747 e-flex e-con-boxed e-con e-parent\" data-id=\"23c1747\" data-element_type=\"container\" data-e-type=\"container\">\n\t\t\t\t\t<div class=\"e-con-inner\">\n\t\t\t\t<div class=\"elementor-element elementor-element-303c88b elementor-widget elementor-widget-text-editor\" data-id=\"303c88b\" data-element_type=\"widget\" data-e-type=\"widget\" data-widget_type=\"text-editor.default\">\n\t\t\t\t\t\t\t\t\t<h4>Skills Development<\/h4>\t\t\t\t\t\t\t\t<\/div>\n\t\t\t\t\t<\/div>\n\t\t\t\t<\/div>\n\t\t<div class=\"elementor-element elementor-element-bec65b6 e-flex e-con-boxed e-con e-parent\" data-id=\"bec65b6\" data-element_type=\"container\" data-e-type=\"container\">\n\t\t\t\t\t<div class=\"e-con-inner\">\n\t\t<div class=\"elementor-element elementor-element-9e703c5 e-grid e-con-full e-con e-child\" data-id=\"9e703c5\" data-element_type=\"container\" data-e-type=\"container\">\n\t\t\t\t<div class=\"elementor-element elementor-element-b9048ab elementor-widget elementor-widget-text-editor\" data-id=\"b9048ab\" data-element_type=\"widget\" data-e-type=\"widget\" data-widget_type=\"text-editor.default\">\n\t\t\t\t\t\t\t\t\t<p class=\"font_8 wixui-rich-text__text\">We offer programs focused on developing management and leadership skills, integrating modern board games as pedagogical tools.<\/p><p class=\"font_8 wixui-rich-text__text\">Our workshops are highly practical and results-oriented, providing an engaging and effective learning experience.<\/p><p class=\"font_8 wixui-rich-text__text\">We address topics such as Negotiation, Strategic Thinking and Planning, Stress Management, Innovation and Creativity, Communication, Goal Setting, among others.<\/p><p class=\"font_8 wixui-rich-text__text translation-block\">Want to develop your team\u2019s behavioral skills (soft skills)? Get in touch and learn more about our practical and engaging workshops.<\/p>\t\t\t\t\t\t\t\t<\/div>\n\t\t\t\t<div class=\"elementor-element elementor-element-7ba0a4b elementor-widget elementor-widget-image\" data-id=\"7ba0a4b\" data-element_type=\"widget\" data-e-type=\"widget\" data-widget_type=\"image.default\">\n\t\t\t\t\t\t\t\t\t\t\t\t\t\t\t<img decoding=\"async\" width=\"768\" height=\"345\" src=\"https:\/\/outsidemindgames.com\/wp-content\/uploads\/2025\/12\/20220304_120014-768x345.jpg\" class=\"attachment-medium_large size-medium_large wp-image-1637\" alt=\"\" srcset=\"https:\/\/outsidemindgames.com\/wp-content\/uploads\/2025\/12\/20220304_120014-768x345.jpg 768w, https:\/\/outsidemindgames.com\/wp-content\/uploads\/2025\/12\/20220304_120014-300x135.jpg 300w, https:\/\/outsidemindgames.com\/wp-content\/uploads\/2025\/12\/20220304_120014-1024x461.jpg 1024w, https:\/\/outsidemindgames.com\/wp-content\/uploads\/2025\/12\/20220304_120014-1536x691.jpg 1536w, https:\/\/outsidemindgames.com\/wp-content\/uploads\/2025\/12\/20220304_120014-2048x921.jpg 2048w, https:\/\/outsidemindgames.com\/wp-content\/uploads\/2025\/12\/20220304_120014-18x8.jpg 18w\" sizes=\"(max-width: 768px) 100vw, 768px\" \/>\t\t\t\t\t\t\t\t\t\t\t\t\t\t\t<\/div>\n\t\t\t\t<\/div>\n\t\t\t\t\t<\/div>\n\t\t\t\t<\/div>\n\t\t<div class=\"elementor-element elementor-element-36a8343 e-flex e-con-boxed e-con e-parent\" data-id=\"36a8343\" data-element_type=\"container\" data-e-type=\"container\">\n\t\t\t\t\t<div class=\"e-con-inner\">\n\t\t\t\t<div class=\"elementor-element elementor-element-8deba68 elementor-widget elementor-widget-text-editor\" data-id=\"8deba68\" data-element_type=\"widget\" data-e-type=\"widget\" data-widget_type=\"text-editor.default\">\n\t\t\t\t\t\t\t\t\t<h4>Strategy Clubs<\/h4>\t\t\t\t\t\t\t\t<\/div>\n\t\t\t\t\t<\/div>\n\t\t\t\t<\/div>\n\t\t<div class=\"elementor-element elementor-element-5b0dc4f e-flex e-con-boxed e-con e-parent\" data-id=\"5b0dc4f\" data-element_type=\"container\" data-e-type=\"container\">\n\t\t\t\t\t<div class=\"e-con-inner\">\n\t\t<div class=\"elementor-element elementor-element-f63dac4 e-grid e-con-full e-con e-child\" data-id=\"f63dac4\" data-element_type=\"container\" data-e-type=\"container\">\n\t\t\t\t<div class=\"elementor-element elementor-element-1159a6a elementor-widget elementor-widget-image\" data-id=\"1159a6a\" data-element_type=\"widget\" data-e-type=\"widget\" data-widget_type=\"image.default\">\n\t\t\t\t\t\t\t\t\t\t\t\t\t\t\t<img decoding=\"async\" width=\"768\" height=\"488\" src=\"https:\/\/outsidemindgames.com\/wp-content\/uploads\/2025\/12\/20250218_172818-768x488.jpg\" class=\"attachment-medium_large size-medium_large wp-image-1675\" alt=\"\" srcset=\"https:\/\/outsidemindgames.com\/wp-content\/uploads\/2025\/12\/20250218_172818-768x488.jpg 768w, https:\/\/outsidemindgames.com\/wp-content\/uploads\/2025\/12\/20250218_172818-300x191.jpg 300w, https:\/\/outsidemindgames.com\/wp-content\/uploads\/2025\/12\/20250218_172818-1024x650.jpg 1024w, https:\/\/outsidemindgames.com\/wp-content\/uploads\/2025\/12\/20250218_172818-1536x976.jpg 1536w, https:\/\/outsidemindgames.com\/wp-content\/uploads\/2025\/12\/20250218_172818-2048x1301.jpg 2048w, https:\/\/outsidemindgames.com\/wp-content\/uploads\/2025\/12\/20250218_172818-18x12.jpg 18w\" sizes=\"(max-width: 768px) 100vw, 768px\" \/>\t\t\t\t\t\t\t\t\t\t\t\t\t\t\t<\/div>\n\t\t\t\t<div class=\"elementor-element elementor-element-b35fe63 elementor-widget elementor-widget-text-editor\" data-id=\"b35fe63\" data-element_type=\"widget\" data-e-type=\"widget\" data-widget_type=\"text-editor.default\">\n\t\t\t\t\t\t\t\t\t<p class=\"font_8 wixui-rich-text__text\">We promote regular sessions where participants interact through strategic board games, encouraging social interaction and the exchange of experiences.<\/p><p class=\"font_8 wixui-rich-text__text\">These sessions are ideal for mitigating the effects of remote work and for organizations whose employees have limited daily contact, strengthening behavioral skills with a strong focus on management and strategic planning.<\/p><p class=\"font_8 wixui-rich-text__text translation-block\">Create a more collaborative and dynamic environment in your company! Contact us and discover how our strategy clubs can strengthen team spirit.<\/p>\t\t\t\t\t\t\t\t<\/div>\n\t\t\t\t<\/div>\n\t\t\t\t\t<\/div>\n\t\t\t\t<\/div>\n\t\t<div class=\"elementor-element elementor-element-6ecc686 e-flex e-con-boxed e-con e-parent\" data-id=\"6ecc686\" data-element_type=\"container\" data-e-type=\"container\">\n\t\t\t\t\t<div class=\"e-con-inner\">\n\t\t\t\t\t<\/div>\n\t\t\t\t<\/div>\n\t\t\t\t<\/div>","protected":false},"excerpt":{"rendered":"<p>Board Games for Training Os jogos de tabuleiro ao servi\u00e7o do desenvolvimento empresarial Fornecemos servi\u00e7os a organiza\u00e7\u00f5es que apostam no sucesso dos seus colaboradores. Oferecemos servi\u00e7os corporativos inovadores, combinando uma vasta experi\u00eancia em consultoria, desenvolvimento de compet\u00eancias e gest\u00e3o com o poder dos jogos de tabuleiro modernos. Estes s\u00e3o ferramentas din\u00e2micas e eficazes para estimular [&hellip;]<\/p>\n","protected":false},"author":1,"featured_media":0,"parent":0,"menu_order":0,"comment_status":"closed","ping_status":"closed","template":"","meta":{"footnotes":""},"class_list":["post-1621","page","type-page","status-publish","hentry"],"_links":{"self":[{"href":"https:\/\/outsidemindgames.com\/en\/wp-json\/wp\/v2\/pages\/1621","targetHints":{"allow":["GET"]}}],"collection":[{"href":"https:\/\/outsidemindgames.com\/en\/wp-json\/wp\/v2\/pages"}],"about":[{"href":"https:\/\/outsidemindgames.com\/en\/wp-json\/wp\/v2\/types\/page"}],"author":[{"embeddable":true,"href":"https:\/\/outsidemindgames.com\/en\/wp-json\/wp\/v2\/users\/1"}],"replies":[{"embeddable":true,"href":"https:\/\/outsidemindgames.com\/en\/wp-json\/wp\/v2\/comments?post=1621"}],"version-history":[{"count":49,"href":"https:\/\/outsidemindgames.com\/en\/wp-json\/wp\/v2\/pages\/1621\/revisions"}],"predecessor-version":[{"id":1685,"href":"https:\/\/outsidemindgames.com\/en\/wp-json\/wp\/v2\/pages\/1621\/revisions\/1685"}],"wp:attachment":[{"href":"https:\/\/outsidemindgames.com\/en\/wp-json\/wp\/v2\/media?parent=1621"}],"curies":[{"name":"wp","href":"https:\/\/api.w.org\/{rel}","templated":true}]}}